{"id":1264,"date":"2022-08-08T12:09:39","date_gmt":"2022-08-08T12:09:39","guid":{"rendered":"https:\/\/artis-mastering.at\/artis-mastering"},"modified":"2026-02-15T09:37:52","modified_gmt":"2026-02-15T09:37:52","slug":"music-studio","status":"publish","type":"page","link":"https:\/\/artis-mastering.at\/en","title":{"rendered":"Artis Mastering"},"content":{"rendered":"<h1>Tonstudio in Wien<\/h1>\n<p>Artis Mastering ist ein professionelles Tonstudio in Wien f\u00fcr <a href=\"https:\/\/artis-mastering.at\/en\/audio-mastering\">Mastering<\/a> . Mixing . <a href=\"https:\/\/artis-mastering.at\/recording\">Aufnahmen<\/a> .\u00a0 <a href=\"https:\/\/artis-mastering.at\/video\">Postcast . Video<\/a>\u00a0 . <a href=\"https:\/\/artis-mastering.at\/video\">\u00dcberspielungen &#8211; Postproduktion<\/a><\/p>\n<p>Unsere \u00fcber 25 Jahre Erfahrung in der Zusammenarbeit mit zahlreichen renommierten K\u00fcnstler und Firmen garantiert die allerbeste Qualit\u00e4t in pers\u00f6nlicher Atmosph\u00e4re.<\/p>\n<p>Das Angebot des Tonstudios in Wien umfasst <strong><a href=\"https:\/\/artis-mastering.at\/en\/audio-mastering\">Mastering,<\/a><a href=\"https:\/\/artis-mastering.at\/en\/audio-mastering\"> Mixing, <\/a><\/strong><a href=\"https:\/\/artis-mastering.at\/en\/recording\"><strong>Aufnahmen<\/strong><\/a> aller Art und s\u00e4mtlicher Musikrichtungen &#8211; ob Klassik, Jazz oder Indie &#8211; sowie <a href=\"https:\/\/artis-mastering.at\/video\"><strong>Videos<\/strong><\/a><strong>, <\/strong><a href=\"https:\/\/artis-mastering.at\/video\"><strong>DVD-Authoring<\/strong><\/a> und <strong><a href=\"https:\/\/artis-mastering.at\/video\">Postproduktion.<\/a><\/strong><\/p>\n<p><!-- \/wp:post-content --><!-- wp:paragraph --><\/p>\n<p><img decoding=\"async\" class=\"wp-image-410 size-full\" src=\"https:\/\/artis-mastering.at\/wp-content\/uploads\/2019\/05\/Tonstudio-Artis-Mastering-Wien.jpg\" alt=\"Das Tonstudio Artis Mastering in Wien Leopoldstadt von Toningenieur Robert Eder in Vorderansicht mit f\u00fcnf Lautsprechern, Mischpult und Akustik-Elementen, in bl\u00e4ulichem Licht\" width=\"1000\" height=\"536\" \/><\/p>\n<h3><a href=\"https:\/\/artis-mastering.at\/en\/audio-mastering\">Mastering<\/a><\/h3>\n<p><!-- \/wp:paragraph --><!-- wp:paragraph --><\/p>\n<p>Unser Leistungsspektrum reicht von <strong>Stereo- und Stem-Mastering, <\/strong>Mixing &amp; Edit und Mastern f\u00fcr Streaming \u00fcber <strong>\u00dcberspielungen<\/strong> von LPs, Kassetten und Klangverbesserungen aller Art bis zum <strong>Restaurieren alter Tontr\u00e4ger<\/strong>.\u00a0 Als <strong>Spezialisten f\u00fcr Streamingdienste<\/strong> optimieren wir den Klang f\u00fcr komprimierte Files wie MP3 oder AAC (z.B. f\u00fcr Youtube).\u00a0 <a href=\"https:\/\/artis-mastering.at\/en\/audio-mastering\"><em>Lies mehr dar\u00fcber<\/em><\/a><\/p>\n<a class=\"button  button_size_2\" href=\"https:\/\/artis-mastering.com\/mastering\"     target=\"_blank\"    title=\"\"><span class=\"button_label\">Mastering - sound examples before and after<\/span><\/a>\n\n<p><!-- \/wp:paragraph --><!-- wp:heading --><\/p>\n<p><!-- \/wp:heading --><!-- wp:paragraph --><\/p>\n<h3><a href=\"https:\/\/artis-mastering.at\/recording\">Recording<\/a><\/h3>\n<p>Wir bieten Aufnahmen f\u00fcr <strong>Solisten<\/strong> und <strong>Ensembles f\u00fcr zahlreiche Musikrichtigungen.<\/strong> In Zusammenarbeit mit <a href=\"http:\/\/www.classicblue.at\/\"><strong>CLASSIC BLUE RECORDINGS <\/strong><\/a>von <strong>Thomas Lang<\/strong> produzieren wir ab sofort auch Aufnahmen auf einem wundervollen\u00a0 <strong>Steinway Konzertfl\u00fcgel D-274<\/strong>, in bester Akustik und mit hochwertigstem Equipment.<strong><br \/>\n<\/strong><\/p>\n<p><!-- \/wp:paragraph --><!-- wp:paragraph --><\/p>\n<p>F\u00fcr <strong>Sprachaufnahmen<\/strong> sowie Sologesang steht dir eine Sprachkabine zur Verf\u00fcgung.<br \/>\n<strong><a href=\"mailto:robert.eder@artis-mastering.at\">Kontaktiere<\/a> uns<\/strong> gerne f\u00fcr n\u00e4here Infos. <a href=\"https:\/\/artis-mastering.at\/en\/recording\"><em>Lies mehr \u00fcber unser Recording<\/em><\/a><\/p>\n<p><!-- \/wp:paragraph --><!-- wp:paragraph --><\/p>\n<p><!-- \/wp:paragraph --><!-- wp:paragraph --><\/p>\n<p><!-- \/wp:paragraph --><!-- wp:heading {\"level\":3} --><\/p>\n<h3><a href=\"https:\/\/artis-mastering.at\/video\">Videos<\/a><\/h3>\n<p><!-- \/wp:heading --><!-- wp:paragraph --><\/p>\n<p>Bei uns kannst du hochqualitative<strong> Musikvideos<\/strong> produzieren lassen sowie Videos von<br \/>\nFeiern und Hochzeiten. Au\u00dferdem bieten wir erstklassiges <strong>DVD-Authoring<\/strong> und <strong>Postproduktion<\/strong>. <a href=\"https:\/\/artis-mastering.at\/en\/video\"><br \/>\n<em>Lies mehr dar\u00fcber<\/em> <\/a><\/p>\n<h3><a href=\"https:\/\/artis-mastering.at\/online-mastering\">Online-Mastering\u00a0 <\/a><\/h3>\n<p>Gerne kannst du uns deine Dateien auch <a href=\"https:\/\/wetransfer.com\/\"><strong>online<\/strong><\/a> \u00fcbermitteln. Bitte gib uns auch deinen <strong>Terminwunsch<\/strong> bekannt. Wir geben unser Bestes, um dir das Master termingerecht zu schicken.<\/p>\n<p>Eine Revision ist in jedem Fall kostenlos.<\/p>\n<p>Mehr dar\u00fcber\u00a0 und <strong>Tipps zur Vorbereitung<\/strong> im Men\u00fcpunkt <a href=\"https:\/\/artis-mastering.at\/en\/audio-mastering\">Mastering<\/a><br \/>\n<a class=\"button  button_size_2\" href=\"https:\/\/artis-mastering.at\/mastering\"     target=\"_blank\"    title=\"\"><span class=\"button_label\">Hear the difference - before and after mastering<\/span><\/a>\n\u00a0 <a class=\"button  button_size_2\" href=\"https:\/\/artis-mastering.at\/kontakt\"     target=\"_blank\"    title=\"\"><span class=\"button_label\">Free test master<\/span><\/a>\n<\/p>\n<h3><a href=\"https:\/\/artis-mastering.at\/en\/audio-mastering\">Mastering<\/a><\/h3>\n<p><!-- \/wp:paragraph --><!-- wp:paragraph --><\/p>\n<p>Wir bieten <strong>Stereo- und Stem-Mastering, <\/strong>Mixing &amp; Edit, Mastern f\u00fcr Streaming, <strong>\u00dcberspielungen<\/strong> von LPs, Kassetten, Online-Mastering, das<strong> Restaurieren alter Tontr\u00e4ger<\/strong> und vieles mehr. Als <strong>Spezialisten f\u00fcr Streamingdienste<\/strong> optimieren wir den Klang f\u00fcr komprimierte Files wie MP3 oder AAC (z.B. f\u00fcr Youtube oder Spotify).<\/p>\n<p><!-- \/wp:paragraph --><!-- wp:heading --><\/p>\n<p><!-- \/wp:heading --><!-- wp:paragraph --><\/p>\n<h3><a href=\"https:\/\/artis-mastering.at\/recording\">Aufnahmen<\/a><\/h3>\n<p><!-- \/wp:paragraph --><!-- wp:paragraph --><\/p>\n<p>Wir bieten in unserem Tonstudio Aufnahmen f\u00fcr Solisten und Ensembles. In Zusammenarbeit mit <strong>Thomas Langs<\/strong>\u00a0 neuen Studio <a href=\"http:\/\/www.classicblue.at\/\"><strong>CLASSIC BLUE RECORDINGS <\/strong><\/a>von <strong>Thomas Lang<\/strong> sind ab sofort auch Aufnahmen auf mit dessen <strong>Steinway D Fl\u00fcgel <\/strong>m\u00f6glich.<strong><br \/>\n<\/strong><\/p>\n<p>F\u00fcr <strong>Sprachaufnahmen<\/strong>, <strong>Podcasts<\/strong> sowie Sologesang steht eine Sprachkabine zur Verf\u00fcgung. <strong><a href=\"mailto:robert.eder@artis-mastering.at\/\">Kontaktieren Sie uns<\/a><\/strong> f\u00fcr n\u00e4here Infos.<\/p>\n<p><!-- \/wp:paragraph --><!-- wp:paragraph --><\/p>\n<p><!-- \/wp:paragraph --><!-- wp:paragraph --><\/p>\n<p><!-- \/wp:paragraph --><!-- wp:heading {\"level\":3} --><\/p>\n<p><!-- \/wp:heading --><!-- wp:paragraph --><\/p>\n<h3><a href=\"https:\/\/artis-mastering.at\/video\">Videos<\/a><\/h3>\n<p><!-- \/wp:paragraph --><!-- wp:paragraph --><\/p>\n<p>Wir produzieren hochqualitative<strong> Musikvideos<\/strong> f\u00fcr viele verschiedene Musikrichtungen, wie auch Videos von Feiern und Hochzeiten.<\/p>\n<h3><a href=\"https:\/\/artis-mastering.at\/en\/audio-mastering\">Online-Mastering\u00a0 <\/a><\/h3>\n<p>Gerne kannst du uns deine Dateien auch <a href=\"https:\/\/wetransfer.com\/?to=robert.eder@artis-mastering.at\"><strong>online<\/strong><\/a> \u00fcbermitteln. Bitte gib uns auch deinen <strong>Terminwunsch<\/strong> bekannt. Wir geben unser Bestes, um dir das Master termingerecht zu schicken.<\/p>\n<p>Eine Revision ist in jedem Fall kostenlos.<\/p>\n<p>Mehr dar\u00fcber\u00a0 und <strong>Tipps zur Vorbereitung<\/strong> im Men\u00fcpunkt <strong><a href=\"https:\/\/artis-mastering.at\/en\/audio-mastering\">Mastering<\/a><\/strong><\/p>\n<p><!-- wp:heading --><\/p>\n<p><!-- \/wp:heading --> <!-- wp:paragraph --><\/p>\n<p><!-- \/wp:paragraph --> <!-- wp:heading {\"level\":4} --><\/p>\n<h4><\/h4>\n<p><!-- \/wp:heading --><\/p>\n<h1><\/h1>\n<h3><\/h3>\n<p><!-- \/wp:paragraph --><\/p>\n","protected":false},"excerpt":{"rendered":"<p>Tonstudio in Wien Artis Mastering ist ein professionelles Tonstudio in Wien f\u00fcr Mastering . Mixing . Aufnahmen .\u00a0 Postcast . Video\u00a0 . \u00dcberspielungen &#8211; Postproduktion Unsere<span class=\"excerpt-hellip\"> [\u2026]<\/span><\/p>\n","protected":false},"author":1,"featured_media":0,"parent":0,"menu_order":0,"comment_status":"closed","ping_status":"closed","template":"","meta":{"footnotes":""},"class_list":["post-1264","page","type-page","status-publish","hentry"],"_links":{"self":[{"href":"https:\/\/artis-mastering.at\/en\/wp-json\/wp\/v2\/pages\/1264","targetHints":{"allow":["GET"]}}],"collection":[{"href":"https:\/\/artis-mastering.at\/en\/wp-json\/wp\/v2\/pages"}],"about":[{"href":"https:\/\/artis-mastering.at\/en\/wp-json\/wp\/v2\/types\/page"}],"author":[{"embeddable":true,"href":"https:\/\/artis-mastering.at\/en\/wp-json\/wp\/v2\/users\/1"}],"replies":[{"embeddable":true,"href":"https:\/\/artis-mastering.at\/en\/wp-json\/wp\/v2\/comments?post=1264"}],"version-history":[{"count":10,"href":"https:\/\/artis-mastering.at\/en\/wp-json\/wp\/v2\/pages\/1264\/revisions"}],"predecessor-version":[{"id":1811,"href":"https:\/\/artis-mastering.at\/en\/wp-json\/wp\/v2\/pages\/1264\/revisions\/1811"}],"wp:attachment":[{"href":"https:\/\/artis-mastering.at\/en\/wp-json\/wp\/v2\/media?parent=1264"}],"curies":[{"name":"wp","href":"https:\/\/api.w.org\/{rel}","templated":true}]}}