{"id":1274,"date":"2019-02-08T12:21:36","date_gmt":"2019-02-08T12:21:36","guid":{"rendered":"https:\/\/artis-mastering.at\/recording"},"modified":"2026-02-15T09:38:38","modified_gmt":"2026-02-15T09:38:38","slug":"recording","status":"publish","type":"page","link":"https:\/\/artis-mastering.at\/en\/recording","title":{"rendered":"Recordings"},"content":{"rendered":"\n<h1 class=\"wp-block-heading\">Music recording | Voice recording | Podcast<\/h1>\n\n<h2 class=\"wp-block-heading\">Music recording  <\/h2>\n\n<p>We produce high-quality <strong>music recordings<\/strong> for <strong>jazz<\/strong>, classical music and many other musical genres. In over 25 years of collaboration with <strong>Thomas Lang<\/strong>, numerous CDs <strong>of renowned musicians<\/strong>, including <strong>Thomas Hampson<\/strong> and <strong>Diknu Schneeberger<\/strong>, have been produced.   <\/p>\n\n<p>We attach great importance to a <strong>pleasant atmosphere<\/strong> in which artists can feel comfortable. Together we check out the optimal sound for your project and, of course, take your personal taste into account.   <br\/>NOW NEW! Thanks to our cooperation with <strong>Thomas Lang<\/strong> &#8216;s new <strong> Classic Blue Recordings<\/strong> studio, we can now offer recordings on a magnificent <strong>Steinway D-274 concert grand piano<\/strong> in an acoustically fantastic environment and with <strong>the very best equipment<\/strong>. Thomas Lang&#8217;s 5m high studio has the <strong>perfect acoustics<\/strong> for classical and jazz recordings.  <\/p>\n\n<p>Soloists and duos have a studio in Vienna with a beautiful <strong>Steinway B-211<\/strong> grand piano at their disposal and we offer <strong>mobile recording<\/strong> in the concert hall of the <a href=\"https:\/\/kultur-burgenland.at\/standorte\/lisztzentrum-raiding\/\">Liztzentrum Raiding<\/a>, for example.<\/p>\n\n<p>Of course, we are also happy to take on the <strong>editing, <\/strong><strong> mixing <\/strong>and<strong> mastering<\/strong> of your music recording. You can find more information on this under the menu item <a href=\"https:\/\/artis-mastering.at\/en\/audio-mastering\">Mastering<\/a>. <\/p>\n<a class=\"button  button_size_2\" href=\"https:\/\/artis-mastering.at\/kontakt\"     target=\"_blank\"    title=\"\"><span class=\"button_label\">Obtain an individual offer<\/span><\/a>\n\n<p><!-- \/wp:post-content --><!-- wp:paragraph \/--><!-- \/wp:paragraph --><!-- wp:paragraph --><\/p>\n<p><!-- wp:paragraph --><\/p>\n<p><div class=\"image_frame image_item no_link scale-with-grid element_classes no_border mfn-img-box\" ><div class=\"image_wrapper\"><img decoding=\"async\" class=\"scale-with-grid\" src=\"https:\/\/artis-mastering.at\/wp-content\/uploads\/2019\/03\/Artis-Mastering-Robert-Eder-Recording-Video-Ingrid-Marsoner-Steinway-blue.jpg\" alt=\"Artis-Mastering-Robert-Eder-Recording-Video-Ingrid-Marsoner-Steinway-blue\" title=\"\" width=\"800\" height=\"467\" style=\"\"\/><\/div><\/div>\n<br \/><em>Studio in Wien mit Steinway-B-Fl\u00fcgel<\/em><\/p>\n<p><!-- \/wp:paragraph --><\/p>\n<p><!-- wp:shortcode --><br \/><hr class=\"\" style=\"margin:0 auto 30px;\"\/>\n<br \/><!-- \/wp:shortcode --><\/p>\n<p><!-- wp:heading --><\/p>\n<h2 class=\"wp-block-heading\">Sprachaufnahme | Podcast<\/h2>\n<p><!-- \/wp:heading --><\/p>\n<p><!-- wp:heading {\"level\":3} --><\/p>\n<h3 class=\"wp-block-heading\">H\u00f6rb\u00fccher | Podcast | Doku | Imagefilm | Audioguide<\/h3>\n<p><!-- \/wp:heading --><\/p>\n<p><!-- wp:paragraph --><\/p>\n<p>F\u00fcr <strong>Sprachaufnahmen\/Podcasts<\/strong> steht Ihnen unsere Sprecherkabine zur Verf\u00fcgung.\u00a0 Hier produzieren wir Sprachaufnahmen aller Art, sei es f\u00fcr H\u00f6rb\u00fccher, Podcasts, Dokus und Image-Filme, Audioguides oder Telefonansagen. Gerne \u00fcbernehmen wir sowohl die Aufnahme als auch den Schnitt, die Vertonung, den Mix und das <a href=\"https:\/\/artis-mastering.at\/en\/audio-mastering\">Mastering<\/a>.<\/p>\n<p><!-- \/wp:paragraph --><\/p>\n<p><!-- wp:paragraph --><\/p>\n<p>Auf Wunsch engagieren wir f\u00fcr dein Projekt einen passenden Sprecher.<\/p>\n<p><img decoding=\"async\" src=\"https:\/\/artis-mastering.at\/wp-content\/uploads\/2023\/01\/Sprachkammer-scaled.jpg\" alt=\"\" width=\"800\" height=\"533\" \/><\/p>\n<p><!-- \/wp:paragraph --><\/p>\n<p><!-- wp:image {\"id\":525} --><\/p>\n<figure class=\"wp-block-image\"><img decoding=\"async\" class=\"wp-image-525\" src=\"https:\/\/artis-mastering.at\/wp-content\/uploads\/2019\/05\/Karl-Markovics-und-Anton-Maria-Aigner-Tonaufnahme-bei-Robert-Eder.jpg\" alt=\"Karl Markovics und Anton Maria Aigner bei Robert Eder im Tonstudio Artis Mastering nach der Aufnahme des Audiokommentars f\u00fcr die Blu-ray des Films Atmen\" \/><\/figure>\n<p><!-- \/wp:image --><\/p>\n<p><!-- wp:paragraph --><\/p>\n<p><strong>Karl Markovics<\/strong> und <strong>Anton Maria Aigner<\/strong> bei Artis Mastering<\/p>\n<p><!-- \/wp:paragraph --><\/p>\n","protected":false},"excerpt":{"rendered":"<p>Music recording | Voice recording | Podcast Music recording We produce high-quality music recordings for jazz, classical music and many other musical genres. In over 25<span class=\"excerpt-hellip\"> [\u2026]<\/span><\/p>\n","protected":false},"author":1,"featured_media":0,"parent":0,"menu_order":0,"comment_status":"closed","ping_status":"closed","template":"","meta":{"footnotes":""},"class_list":["post-1274","page","type-page","status-publish","hentry"],"_links":{"self":[{"href":"https:\/\/artis-mastering.at\/en\/wp-json\/wp\/v2\/pages\/1274","targetHints":{"allow":["GET"]}}],"collection":[{"href":"https:\/\/artis-mastering.at\/en\/wp-json\/wp\/v2\/pages"}],"about":[{"href":"https:\/\/artis-mastering.at\/en\/wp-json\/wp\/v2\/types\/page"}],"author":[{"embeddable":true,"href":"https:\/\/artis-mastering.at\/en\/wp-json\/wp\/v2\/users\/1"}],"replies":[{"embeddable":true,"href":"https:\/\/artis-mastering.at\/en\/wp-json\/wp\/v2\/comments?post=1274"}],"version-history":[{"count":10,"href":"https:\/\/artis-mastering.at\/en\/wp-json\/wp\/v2\/pages\/1274\/revisions"}],"predecessor-version":[{"id":1814,"href":"https:\/\/artis-mastering.at\/en\/wp-json\/wp\/v2\/pages\/1274\/revisions\/1814"}],"wp:attachment":[{"href":"https:\/\/artis-mastering.at\/en\/wp-json\/wp\/v2\/media?parent=1274"}],"curies":[{"name":"wp","href":"https:\/\/api.w.org\/{rel}","templated":true}]}}